{"id":21073,"date":"2022-06-10T14:00:32","date_gmt":"2022-06-10T13:00:32","guid":{"rendered":"https:\/\/elijah.at\/kontakt\/"},"modified":"2024-06-12T08:07:41","modified_gmt":"2024-06-12T07:07:41","slug":"contact","status":"publish","type":"page","link":"https:\/\/elijah.at\/en\/contact\/","title":{"rendered":"Contact"},"content":{"rendered":"\t\t<div data-elementor-type=\"wp-page\" data-elementor-id=\"21073\" class=\"elementor elementor-21073 elementor-12029\" data-elementor-post-type=\"page\">\n\t\t\t\t\t\t<section class=\"elementor-section elementor-top-section elementor-element elementor-element-18908a8a elementor-section-full_width elementor-section-height-min-height elementor-section-height-default elementor-section-items-middle\" data-id=\"18908a8a\" data-element_type=\"section\" data-e-type=\"section\" data-settings=\"{&quot;background_background&quot;:&quot;classic&quot;}\">\n\t\t\t\t\t\t<div class=\"elementor-container elementor-column-gap-default\">\n\t\t\t\t\t<div class=\"elementor-column elementor-col-100 elementor-top-column elementor-element elementor-element-604554b1\" data-id=\"604554b1\" data-element_type=\"column\" data-e-type=\"column\" data-settings=\"{&quot;background_background&quot;:&quot;classic&quot;}\">\n\t\t\t<div class=\"elementor-widget-wrap\">\n\t\t\t\t\t\t\t<\/div>\n\t\t<\/div>\n\t\t\t\t\t<\/div>\n\t\t<\/section>\n\t\t\t\t<section class=\"elementor-section elementor-top-section elementor-element elementor-element-7b6b8460 elementor-section-boxed elementor-section-height-default elementor-section-height-default\" data-id=\"7b6b8460\" data-element_type=\"section\" data-e-type=\"section\" data-settings=\"{&quot;background_background&quot;:&quot;classic&quot;}\">\n\t\t\t\t\t\t<div class=\"elementor-container elementor-column-gap-default\">\n\t\t\t\t\t<div class=\"elementor-column elementor-col-100 elementor-top-column elementor-element elementor-element-2f22eeb8\" data-id=\"2f22eeb8\" data-element_type=\"column\" data-e-type=\"column\" data-settings=\"{&quot;background_background&quot;:&quot;classic&quot;}\">\n\t\t\t<div class=\"elementor-widget-wrap elementor-element-populated\">\n\t\t\t\t\t\t<div class=\"elementor-element elementor-element-01681f8 elementor-widget elementor-widget-heading\" data-id=\"01681f8\" data-element_type=\"widget\" data-e-type=\"widget\" data-widget_type=\"heading.default\">\n\t\t\t\t<div class=\"elementor-widget-container\">\n\t\t\t\t\t<h1 class=\"elementor-heading-title elementor-size-default\">CONTACT<\/h1>\t\t\t\t<\/div>\n\t\t\t\t<\/div>\n\t\t\t\t<div class=\"elementor-element elementor-element-aac020b elementor-widget elementor-widget-spacer\" data-id=\"aac020b\" data-element_type=\"widget\" data-e-type=\"widget\" data-widget_type=\"spacer.default\">\n\t\t\t\t<div class=\"elementor-widget-container\">\n\t\t\t\t\t\t\t<div class=\"elementor-spacer\">\n\t\t\t<div class=\"elementor-spacer-inner\"><\/div>\n\t\t<\/div>\n\t\t\t\t\t\t<\/div>\n\t\t\t\t<\/div>\n\t\t\t\t<div class=\"elementor-element elementor-element-81f65a7 elementor-widget elementor-widget-heading\" data-id=\"81f65a7\" data-element_type=\"widget\" data-e-type=\"widget\" data-widget_type=\"heading.default\">\n\t\t\t\t<div class=\"elementor-widget-container\">\n\t\t\t\t\t<h2 class=\"elementor-heading-title elementor-size-default\">We are looking forward hearing from you!<\/h2>\t\t\t\t<\/div>\n\t\t\t\t<\/div>\n\t\t\t\t<div class=\"elementor-element elementor-element-9743e68 elementor-widget elementor-widget-spacer\" data-id=\"9743e68\" data-element_type=\"widget\" data-e-type=\"widget\" data-widget_type=\"spacer.default\">\n\t\t\t\t<div class=\"elementor-widget-container\">\n\t\t\t\t\t\t\t<div class=\"elementor-spacer\">\n\t\t\t<div class=\"elementor-spacer-inner\"><\/div>\n\t\t<\/div>\n\t\t\t\t\t\t<\/div>\n\t\t\t\t<\/div>\n\t\t\t\t<div class=\"elementor-element elementor-element-3d55b557 elementor-widget elementor-widget-text-editor\" data-id=\"3d55b557\" data-element_type=\"widget\" data-e-type=\"widget\" data-widget_type=\"text-editor.default\">\n\t\t\t\t<div class=\"elementor-widget-container\">\n\t\t\t\t\t\t\t\t\t<div class=\"elementor-element elementor-element-5e3077a elementor-widget elementor-widget-text-editor\" data-id=\"5e3077a\" data-element_type=\"widget\" data-widget_type=\"text-editor.default\"><div class=\"elementor-widget-container\"><div class=\"elementor-text-editor elementor-clearfix\"><p style=\"text-align: right;\">Rom\u00e2nia<br \/>ELIJAH Ini\u0163iativa Social\u0103 Ruth Zenkert<br \/>557168 Hosman nr. 217, Com. Nocrich<br \/>jud. Sibiu<br \/><a href=\"tel:+ 40 785 715 117\">+40 786 715 117<\/a>\u00a0<br \/><a href=\"mailto:office.hosman@elijah.ro\">office.hosman@elijah.ro<\/a><\/p><p style=\"text-align: left;\">Austria<br \/>ELIJAH. P. Georg Sporschill SJ. Soziale Werke.<br \/>Lagergasse 1\/4<br \/>1030 Vienna<br \/><a href=\"tel:+43 1 952 60 00\">+43 1 952 60 00<\/a><br \/><a href=\"mailto:office.wien@elijah.at\">office.wien@elijah.at<\/a><\/p><\/div><\/div><\/div>\t\t\t\t\t\t\t\t<\/div>\n\t\t\t\t<\/div>\n\t\t\t\t\t<\/div>\n\t\t<\/div>\n\t\t\t\t\t<\/div>\n\t\t<\/section>\n\t\t\t\t<\/div>\n\t\t","protected":false},"excerpt":{"rendered":"<p>CONTACT We are looking forward hearing from you! Rom\u00e2niaELIJAH Ini\u0163iativa Social\u0103 Ruth Zenkert557168 Hosman nr. 217, Com. Nocrichjud. Sibiu+40 786 715 117\u00a0office.hosman@elijah.ro AustriaELIJAH. P. Georg Sporschill SJ. Soziale Werke.Lagergasse 1\/41030 Vienna+43 1 952 60 00office.wien@elijah.at<\/p>\n","protected":false},"author":14,"featured_media":0,"parent":0,"menu_order":0,"comment_status":"closed","ping_status":"closed","template":"elementor_header_footer","meta":{"inline_featured_image":false,"neve_meta_sidebar":"","neve_meta_container":"","neve_meta_enable_content_width":"off","neve_meta_content_width":100,"neve_meta_title_alignment":"","neve_meta_author_avatar":"","neve_post_elements_order":"","neve_meta_disable_header":"","neve_meta_disable_footer":"","neve_meta_disable_title":"","footnotes":"","_links_to":"","_links_to_target":""},"class_list":["post-21073","page","type-page","status-publish","hentry"],"yoast_head":"<!-- This site is optimized with the Yoast SEO plugin v27.3 - https:\/\/yoast.com\/product\/yoast-seo-wordpress\/ -->\n<title>Contact - Verein ELIJAH<\/title>\n<meta name=\"robots\" content=\"index, follow, max-snippet:-1, max-image-preview:large, max-video-preview:-1\" \/>\n<link rel=\"canonical\" href=\"https:\/\/elijah.at\/en\/contact\/\" \/>\n<meta property=\"og:locale\" content=\"en_US\" \/>\n<meta property=\"og:type\" content=\"article\" \/>\n<meta property=\"og:title\" content=\"Contact - Verein ELIJAH\" \/>\n<meta property=\"og:description\" content=\"CONTACT We are looking forward hearing from you! Rom\u00e2niaELIJAH Ini\u0163iativa Social\u0103 Ruth Zenkert557168 Hosman nr. 217, Com. Nocrichjud. Sibiu+40 786 715 117\u00a0office.hosman@elijah.ro AustriaELIJAH. P. Georg Sporschill SJ. Soziale Werke.Lagergasse 1\/41030 Vienna+43 1 952 60 00office.wien@elijah.at\" \/>\n<meta property=\"og:url\" content=\"https:\/\/elijah.at\/en\/contact\/\" \/>\n<meta property=\"og:site_name\" content=\"Verein ELIJAH\" \/>\n<meta property=\"article:publisher\" content=\"https:\/\/www.facebook.com\/verein.wien\/\" \/>\n<meta property=\"og:image\" content=\"https:\/\/elijah.at\/wp-content\/uploads\/2024\/05\/Proiect-NocrichDSCF7813-1.jpg\" \/>\n\t<meta property=\"og:image:width\" content=\"2400\" \/>\n\t<meta property=\"og:image:height\" content=\"1600\" \/>\n\t<meta property=\"og:image:type\" content=\"image\/jpeg\" \/>\n<meta name=\"twitter:card\" content=\"summary_large_image\" \/>\n<meta name=\"twitter:label1\" content=\"Est. reading time\" \/>\n\t<meta name=\"twitter:data1\" content=\"1 minute\" \/>\n<script type=\"application\/ld+json\" class=\"yoast-schema-graph\">{\"@context\":\"https:\\\/\\\/schema.org\",\"@graph\":[{\"@type\":\"WebPage\",\"@id\":\"https:\\\/\\\/elijah.at\\\/en\\\/contact\\\/\",\"url\":\"https:\\\/\\\/elijah.at\\\/en\\\/contact\\\/\",\"name\":\"Contact - Verein ELIJAH\",\"isPartOf\":{\"@id\":\"https:\\\/\\\/elijah.at\\\/en\\\/#website\"},\"datePublished\":\"2022-06-10T13:00:32+00:00\",\"dateModified\":\"2024-06-12T07:07:41+00:00\",\"breadcrumb\":{\"@id\":\"https:\\\/\\\/elijah.at\\\/en\\\/contact\\\/#breadcrumb\"},\"inLanguage\":\"en-US\",\"potentialAction\":[{\"@type\":\"ReadAction\",\"target\":[\"https:\\\/\\\/elijah.at\\\/en\\\/contact\\\/\"]}]},{\"@type\":\"BreadcrumbList\",\"@id\":\"https:\\\/\\\/elijah.at\\\/en\\\/contact\\\/#breadcrumb\",\"itemListElement\":[{\"@type\":\"ListItem\",\"position\":1,\"name\":\"ELIJAH\",\"item\":\"https:\\\/\\\/elijah.at\\\/en\\\/\"},{\"@type\":\"ListItem\",\"position\":2,\"name\":\"Contact\"}]},{\"@type\":\"WebSite\",\"@id\":\"https:\\\/\\\/elijah.at\\\/en\\\/#website\",\"url\":\"https:\\\/\\\/elijah.at\\\/en\\\/\",\"name\":\"Verein ELIJAH\",\"description\":\"Wir gehen dorthin, wo die Not am gr\u00f6\u00dften ist.\",\"publisher\":{\"@id\":\"https:\\\/\\\/elijah.at\\\/en\\\/#organization\"},\"potentialAction\":[{\"@type\":\"SearchAction\",\"target\":{\"@type\":\"EntryPoint\",\"urlTemplate\":\"https:\\\/\\\/elijah.at\\\/en\\\/?s={search_term_string}\"},\"query-input\":{\"@type\":\"PropertyValueSpecification\",\"valueRequired\":true,\"valueName\":\"search_term_string\"}}],\"inLanguage\":\"en-US\"},{\"@type\":\"Organization\",\"@id\":\"https:\\\/\\\/elijah.at\\\/en\\\/#organization\",\"name\":\"Verein ELIJAH\",\"url\":\"https:\\\/\\\/elijah.at\\\/en\\\/\",\"logo\":{\"@type\":\"ImageObject\",\"inLanguage\":\"en-US\",\"@id\":\"https:\\\/\\\/elijah.at\\\/en\\\/#\\\/schema\\\/logo\\\/image\\\/\",\"url\":\"https:\\\/\\\/elijah.at\\\/wp-content\\\/uploads\\\/2019\\\/03\\\/LOGO.png\",\"contentUrl\":\"https:\\\/\\\/elijah.at\\\/wp-content\\\/uploads\\\/2019\\\/03\\\/LOGO.png\",\"width\":1652,\"height\":1652,\"caption\":\"Verein ELIJAH\"},\"image\":{\"@id\":\"https:\\\/\\\/elijah.at\\\/en\\\/#\\\/schema\\\/logo\\\/image\\\/\"},\"sameAs\":[\"https:\\\/\\\/www.facebook.com\\\/verein.wien\\\/\",\"https:\\\/\\\/www.instagram.com\\\/elijah.georgsporschill\\\/\",\"https:\\\/\\\/www.youtube.com\\\/channel\\\/UCER-WvIV6nlwlu1l4aWbfkA\",\"https:\\\/\\\/de.wikipedia.org\\\/wiki\\\/Georg_Sporschill\"]}]}<\/script>\n<!-- \/ Yoast SEO plugin. -->","yoast_head_json":{"title":"Contact - Verein ELIJAH","robots":{"index":"index","follow":"follow","max-snippet":"max-snippet:-1","max-image-preview":"max-image-preview:large","max-video-preview":"max-video-preview:-1"},"canonical":"https:\/\/elijah.at\/en\/contact\/","og_locale":"en_US","og_type":"article","og_title":"Contact - Verein ELIJAH","og_description":"CONTACT We are looking forward hearing from you! Rom\u00e2niaELIJAH Ini\u0163iativa Social\u0103 Ruth Zenkert557168 Hosman nr. 217, Com. Nocrichjud. Sibiu+40 786 715 117\u00a0office.hosman@elijah.ro AustriaELIJAH. P. Georg Sporschill SJ. Soziale Werke.Lagergasse 1\/41030 Vienna+43 1 952 60 00office.wien@elijah.at","og_url":"https:\/\/elijah.at\/en\/contact\/","og_site_name":"Verein ELIJAH","article_publisher":"https:\/\/www.facebook.com\/verein.wien\/","og_image":[{"width":2400,"height":1600,"url":"https:\/\/elijah.at\/wp-content\/uploads\/2024\/05\/Proiect-NocrichDSCF7813-1.jpg","type":"image\/jpeg"}],"twitter_card":"summary_large_image","twitter_misc":{"Est. reading time":"1 minute"},"schema":{"@context":"https:\/\/schema.org","@graph":[{"@type":"WebPage","@id":"https:\/\/elijah.at\/en\/contact\/","url":"https:\/\/elijah.at\/en\/contact\/","name":"Contact - Verein ELIJAH","isPartOf":{"@id":"https:\/\/elijah.at\/en\/#website"},"datePublished":"2022-06-10T13:00:32+00:00","dateModified":"2024-06-12T07:07:41+00:00","breadcrumb":{"@id":"https:\/\/elijah.at\/en\/contact\/#breadcrumb"},"inLanguage":"en-US","potentialAction":[{"@type":"ReadAction","target":["https:\/\/elijah.at\/en\/contact\/"]}]},{"@type":"BreadcrumbList","@id":"https:\/\/elijah.at\/en\/contact\/#breadcrumb","itemListElement":[{"@type":"ListItem","position":1,"name":"ELIJAH","item":"https:\/\/elijah.at\/en\/"},{"@type":"ListItem","position":2,"name":"Contact"}]},{"@type":"WebSite","@id":"https:\/\/elijah.at\/en\/#website","url":"https:\/\/elijah.at\/en\/","name":"Verein ELIJAH","description":"Wir gehen dorthin, wo die Not am gr\u00f6\u00dften ist.","publisher":{"@id":"https:\/\/elijah.at\/en\/#organization"},"potentialAction":[{"@type":"SearchAction","target":{"@type":"EntryPoint","urlTemplate":"https:\/\/elijah.at\/en\/?s={search_term_string}"},"query-input":{"@type":"PropertyValueSpecification","valueRequired":true,"valueName":"search_term_string"}}],"inLanguage":"en-US"},{"@type":"Organization","@id":"https:\/\/elijah.at\/en\/#organization","name":"Verein ELIJAH","url":"https:\/\/elijah.at\/en\/","logo":{"@type":"ImageObject","inLanguage":"en-US","@id":"https:\/\/elijah.at\/en\/#\/schema\/logo\/image\/","url":"https:\/\/elijah.at\/wp-content\/uploads\/2019\/03\/LOGO.png","contentUrl":"https:\/\/elijah.at\/wp-content\/uploads\/2019\/03\/LOGO.png","width":1652,"height":1652,"caption":"Verein ELIJAH"},"image":{"@id":"https:\/\/elijah.at\/en\/#\/schema\/logo\/image\/"},"sameAs":["https:\/\/www.facebook.com\/verein.wien\/","https:\/\/www.instagram.com\/elijah.georgsporschill\/","https:\/\/www.youtube.com\/channel\/UCER-WvIV6nlwlu1l4aWbfkA","https:\/\/de.wikipedia.org\/wiki\/Georg_Sporschill"]}]}},"_links":{"self":[{"href":"https:\/\/elijah.at\/en\/wp-json\/wp\/v2\/pages\/21073","targetHints":{"allow":["GET"]}}],"collection":[{"href":"https:\/\/elijah.at\/en\/wp-json\/wp\/v2\/pages"}],"about":[{"href":"https:\/\/elijah.at\/en\/wp-json\/wp\/v2\/types\/page"}],"author":[{"embeddable":true,"href":"https:\/\/elijah.at\/en\/wp-json\/wp\/v2\/users\/14"}],"replies":[{"embeddable":true,"href":"https:\/\/elijah.at\/en\/wp-json\/wp\/v2\/comments?post=21073"}],"version-history":[{"count":0,"href":"https:\/\/elijah.at\/en\/wp-json\/wp\/v2\/pages\/21073\/revisions"}],"wp:attachment":[{"href":"https:\/\/elijah.at\/en\/wp-json\/wp\/v2\/media?parent=21073"}],"curies":[{"name":"wp","href":"https:\/\/api.w.org\/{rel}","templated":true}]}}